{"id":2310,"date":"2024-03-15T08:23:51","date_gmt":"2024-03-15T07:23:51","guid":{"rendered":"https:\/\/sous-la-voute.ch\/voyage\/"},"modified":"2024-09-04T15:48:51","modified_gmt":"2024-09-04T13:48:51","slug":"voyage","status":"publish","type":"page","link":"https:\/\/sous-la-voute.ch\/fr\/voyage\/","title":{"rendered":"Arriv\u00e9e"},"content":{"rendered":"\t\t<div data-elementor-type=\"wp-page\" data-elementor-id=\"2310\" class=\"elementor elementor-2310 elementor-895\" data-elementor-post-type=\"page\">\n\t\t\t\t<div class=\"elementor-element elementor-element-f57602a e-con-full e-flex e-con e-parent\" data-id=\"f57602a\" data-element_type=\"container\" data-e-type=\"container\" data-settings=\"{&quot;background_background&quot;:&quot;classic&quot;}\">\n\t\t\t\t<\/div>\n\t\t<div class=\"elementor-element elementor-element-e067619 e-con-full e-flex e-con e-parent\" data-id=\"e067619\" data-element_type=\"container\" data-e-type=\"container\">\n\t\t\t\t<div class=\"elementor-element elementor-element-303eb26 elementor-widget elementor-widget-template\" data-id=\"303eb26\" data-element_type=\"widget\" data-e-type=\"widget\" data-widget_type=\"template.default\">\n\t\t\t\t<div class=\"elementor-widget-container\">\n\t\t\t\t\t\t\t<div class=\"elementor-template\">\n\t\t\t\t\t<div data-elementor-type=\"container\" data-elementor-id=\"2340\" class=\"elementor elementor-2340 elementor-1421 elementor-1421\" data-elementor-post-type=\"elementor_library\">\n\t\t\t\t<div class=\"elementor-element elementor-element-0bc312c e-con-full e-flex e-con e-child\" data-id=\"0bc312c\" data-element_type=\"container\" data-e-type=\"container\" data-settings=\"{&quot;background_background&quot;:&quot;classic&quot;,&quot;sticky&quot;:&quot;top&quot;,&quot;sticky_on&quot;:[&quot;desktop&quot;,&quot;tablet&quot;,&quot;mobile&quot;],&quot;sticky_offset&quot;:0,&quot;sticky_effects_offset&quot;:0,&quot;sticky_anchor_link_offset&quot;:0}\">\n\t\t\t\t<div class=\"elementor-element elementor-element-e15d7bc elementor-nav-menu--stretch elementor-nav-menu__text-align-center elementor-nav-menu--dropdown-mobile elementor-nav-menu--toggle elementor-nav-menu--burger elementor-widget elementor-widget-nav-menu\" data-id=\"e15d7bc\" data-element_type=\"widget\" data-e-type=\"widget\" data-settings=\"{&quot;full_width&quot;:&quot;stretch&quot;,&quot;layout&quot;:&quot;horizontal&quot;,&quot;submenu_icon&quot;:{&quot;value&quot;:&quot;&lt;i class=\\&quot;fas fa-caret-down\\&quot; aria-hidden=\\&quot;true\\&quot;&gt;&lt;\\\/i&gt;&quot;,&quot;library&quot;:&quot;fa-solid&quot;},&quot;toggle&quot;:&quot;burger&quot;}\" data-widget_type=\"nav-menu.default\">\n\t\t\t\t<div class=\"elementor-widget-container\">\n\t\t\t\t\t\t\t\t<nav aria-label=\"Menu\" class=\"elementor-nav-menu--main elementor-nav-menu__container elementor-nav-menu--layout-horizontal e--pointer-underline e--animation-grow\">\n\t\t\t\t<ul id=\"menu-1-e15d7bc\" class=\"elementor-nav-menu\"><li class=\"menu-item menu-item-type-post_type menu-item-object-page menu-item-home menu-item-2353\"><a href=\"https:\/\/sous-la-voute.ch\/fr\/\" class=\"elementor-item\">Sous la vo\u00fbte<\/a><\/li>\n<li class=\"menu-item menu-item-type-post_type menu-item-object-page menu-item-has-children menu-item-2354\"><a href=\"https:\/\/sous-la-voute.ch\/fr\/chambres\/\" class=\"elementor-item\">S\u00e9journer<\/a>\n<ul class=\"sub-menu elementor-nav-menu--dropdown\">\n\t<li class=\"menu-item menu-item-type-post_type menu-item-object-page menu-item-2355\"><a href=\"https:\/\/sous-la-voute.ch\/fr\/chambres\/\" class=\"elementor-sub-item\">Chambres<\/a><\/li>\n\t<li class=\"menu-item menu-item-type-post_type menu-item-object-page menu-item-2356\"><a href=\"https:\/\/sous-la-voute.ch\/fr\/communs\/\" class=\"elementor-sub-item\">Communs<\/a><\/li>\n<\/ul>\n<\/li>\n<li class=\"menu-item menu-item-type-post_type menu-item-object-page menu-item-2357\"><a href=\"https:\/\/sous-la-voute.ch\/fr\/les-hotes\/\" class=\"elementor-item\">Les h\u00f4tes<\/a><\/li>\n<li class=\"menu-item menu-item-type-post_type menu-item-object-page menu-item-2358\"><a href=\"https:\/\/sous-la-voute.ch\/fr\/images\/\" class=\"elementor-item\">Images<\/a><\/li>\n<li class=\"menu-item menu-item-type-post_type menu-item-object-page menu-item-has-children menu-item-2359\"><a href=\"https:\/\/sous-la-voute.ch\/fr\/demande-de-reservation\/\" class=\"elementor-item\">Contact<\/a>\n<ul class=\"sub-menu elementor-nav-menu--dropdown\">\n\t<li class=\"menu-item menu-item-type-post_type menu-item-object-page menu-item-2360\"><a href=\"https:\/\/sous-la-voute.ch\/fr\/demande-de-reservation\/\" class=\"elementor-sub-item\">R\u00e9servation<\/a><\/li>\n\t<li class=\"menu-item menu-item-type-post_type menu-item-object-page menu-item-2361\"><a href=\"https:\/\/sous-la-voute.ch\/fr\/voyage\/\" class=\"elementor-sub-item\">Voyage<\/a><\/li>\n<\/ul>\n<\/li>\n<li class=\"menu-item wpml-ls-slot-11 wpml-ls-item wpml-ls-item-fr wpml-ls-current-language wpml-ls-menu-item wpml-ls-last-item menu-item-type-wpml_ls_menu_item menu-item-object-wpml_ls_menu_item menu-item-has-children menu-item-wpml-ls-11-fr\"><a href=\"https:\/\/sous-la-voute.ch\/fr\/\" aria-current=\"page\" aria-expanded=\"false\" aria-controls=\"wpml-ls-submenu-wpml-ls-11-fr\" class=\"elementor-item\"><span class=\"wpml-ls-native\" lang=\"fr\">FR<\/span><\/a>\n<ul class=\"sub-menu elementor-nav-menu--dropdown\">\n\t<li class=\"menu-item wpml-ls-slot-11 wpml-ls-item wpml-ls-item-de wpml-ls-menu-item wpml-ls-first-item menu-item-type-wpml_ls_menu_item menu-item-object-wpml_ls_menu_item menu-item-wpml-ls-11-de\"><a href=\"https:\/\/sous-la-voute.ch\/\" title=\"Passer \u00e0 DE\" aria-label=\"Passer \u00e0 DE\" class=\"elementor-sub-item\"><span class=\"wpml-ls-native\" lang=\"de\">DE<\/span><\/a><\/li>\n<\/ul>\n<\/li>\n<\/ul>\t\t\t<\/nav>\n\t\t\t\t\t<div class=\"elementor-menu-toggle\" role=\"button\" tabindex=\"0\" aria-label=\"Permuter le menu\" aria-expanded=\"false\">\n\t\t\t<i aria-hidden=\"true\" role=\"presentation\" class=\"elementor-menu-toggle__icon--open eicon-menu-bar\"><\/i><i aria-hidden=\"true\" role=\"presentation\" class=\"elementor-menu-toggle__icon--close eicon-close\"><\/i>\t\t<\/div>\n\t\t\t\t\t<nav class=\"elementor-nav-menu--dropdown elementor-nav-menu__container\" aria-hidden=\"true\">\n\t\t\t\t<ul id=\"menu-2-e15d7bc\" class=\"elementor-nav-menu\"><li class=\"menu-item menu-item-type-post_type menu-item-object-page menu-item-home menu-item-2353\"><a href=\"https:\/\/sous-la-voute.ch\/fr\/\" class=\"elementor-item\" tabindex=\"-1\">Sous la vo\u00fbte<\/a><\/li>\n<li class=\"menu-item menu-item-type-post_type menu-item-object-page menu-item-has-children menu-item-2354\"><a href=\"https:\/\/sous-la-voute.ch\/fr\/chambres\/\" class=\"elementor-item\" tabindex=\"-1\">S\u00e9journer<\/a>\n<ul class=\"sub-menu elementor-nav-menu--dropdown\">\n\t<li class=\"menu-item menu-item-type-post_type menu-item-object-page menu-item-2355\"><a href=\"https:\/\/sous-la-voute.ch\/fr\/chambres\/\" class=\"elementor-sub-item\" tabindex=\"-1\">Chambres<\/a><\/li>\n\t<li class=\"menu-item menu-item-type-post_type menu-item-object-page menu-item-2356\"><a href=\"https:\/\/sous-la-voute.ch\/fr\/communs\/\" class=\"elementor-sub-item\" tabindex=\"-1\">Communs<\/a><\/li>\n<\/ul>\n<\/li>\n<li class=\"menu-item menu-item-type-post_type menu-item-object-page menu-item-2357\"><a href=\"https:\/\/sous-la-voute.ch\/fr\/les-hotes\/\" class=\"elementor-item\" tabindex=\"-1\">Les h\u00f4tes<\/a><\/li>\n<li class=\"menu-item menu-item-type-post_type menu-item-object-page menu-item-2358\"><a href=\"https:\/\/sous-la-voute.ch\/fr\/images\/\" class=\"elementor-item\" tabindex=\"-1\">Images<\/a><\/li>\n<li class=\"menu-item menu-item-type-post_type menu-item-object-page menu-item-has-children menu-item-2359\"><a href=\"https:\/\/sous-la-voute.ch\/fr\/demande-de-reservation\/\" class=\"elementor-item\" tabindex=\"-1\">Contact<\/a>\n<ul class=\"sub-menu elementor-nav-menu--dropdown\">\n\t<li class=\"menu-item menu-item-type-post_type menu-item-object-page menu-item-2360\"><a href=\"https:\/\/sous-la-voute.ch\/fr\/demande-de-reservation\/\" class=\"elementor-sub-item\" tabindex=\"-1\">R\u00e9servation<\/a><\/li>\n\t<li class=\"menu-item menu-item-type-post_type menu-item-object-page menu-item-2361\"><a href=\"https:\/\/sous-la-voute.ch\/fr\/voyage\/\" class=\"elementor-sub-item\" tabindex=\"-1\">Voyage<\/a><\/li>\n<\/ul>\n<\/li>\n<li class=\"menu-item wpml-ls-slot-11 wpml-ls-item wpml-ls-item-fr wpml-ls-current-language wpml-ls-menu-item wpml-ls-last-item menu-item-type-wpml_ls_menu_item menu-item-object-wpml_ls_menu_item menu-item-has-children menu-item-wpml-ls-11-fr\"><a href=\"https:\/\/sous-la-voute.ch\/fr\/\" aria-current=\"page\" aria-expanded=\"false\" aria-controls=\"wpml-ls-submenu-wpml-ls-11-fr\" class=\"elementor-item\" tabindex=\"-1\"><span class=\"wpml-ls-native\" lang=\"fr\">FR<\/span><\/a>\n<ul class=\"sub-menu elementor-nav-menu--dropdown\">\n\t<li class=\"menu-item wpml-ls-slot-11 wpml-ls-item wpml-ls-item-de wpml-ls-menu-item wpml-ls-first-item menu-item-type-wpml_ls_menu_item menu-item-object-wpml_ls_menu_item menu-item-wpml-ls-11-de\"><a href=\"https:\/\/sous-la-voute.ch\/\" title=\"Passer \u00e0 DE\" aria-label=\"Passer \u00e0 DE\" class=\"elementor-sub-item\" tabindex=\"-1\"><span class=\"wpml-ls-native\" lang=\"de\">DE<\/span><\/a><\/li>\n<\/ul>\n<\/li>\n<\/ul>\t\t\t<\/nav>\n\t\t\t\t\t\t<\/div>\n\t\t\t\t<\/div>\n\t\t\t\t<\/div>\n\t\t\t\t<\/div>\n\t\t\t\t<\/div>\n\t\t\t\t\t\t<\/div>\n\t\t\t\t<\/div>\n\t\t\t\t<\/div>\n\t\t<div class=\"elementor-element elementor-element-992f930 e-flex e-con-boxed e-con e-parent\" data-id=\"992f930\" data-element_type=\"container\" data-e-type=\"container\">\n\t\t\t\t\t<div class=\"e-con-inner\">\n\t\t\t\t<div class=\"elementor-element elementor-element-6df2f0f elementor-invisible elementor-widget elementor-widget-heading\" data-id=\"6df2f0f\" data-element_type=\"widget\" data-e-type=\"widget\" data-settings=\"{&quot;_animation&quot;:&quot;fadeIn&quot;}\" data-widget_type=\"heading.default\">\n\t\t\t\t<div class=\"elementor-widget-container\">\n\t\t\t\t\t<h1 class=\"elementor-heading-title elementor-size-default\">Arriv\u00e9e<\/h1>\t\t\t\t<\/div>\n\t\t\t\t<\/div>\n\t\t\t\t\t<\/div>\n\t\t\t\t<\/div>\n\t\t<div class=\"elementor-element elementor-element-fb857a6 e-flex e-con-boxed elementor-invisible e-con e-parent\" data-id=\"fb857a6\" data-element_type=\"container\" data-e-type=\"container\" data-settings=\"{&quot;animation&quot;:&quot;fadeIn&quot;}\">\n\t\t\t\t\t<div class=\"e-con-inner\">\n\t\t<div class=\"elementor-element elementor-element-192a3e1 e-con-full e-flex e-con e-child\" data-id=\"192a3e1\" data-element_type=\"container\" data-e-type=\"container\">\n\t\t\t\t<div class=\"elementor-element elementor-element-64eabf9 elementor-widget elementor-widget-text-editor\" data-id=\"64eabf9\" data-element_type=\"widget\" data-e-type=\"widget\" data-widget_type=\"text-editor.default\">\n\t\t\t\t<div class=\"elementor-widget-container\">\n\t\t\t\t\t\t\t\t\t<p><span style=\"color: var( --e-global-color-text ); text-align: var(--text-align); font-family: var( --e-global-typography-text-font-family ); font-size: var( --e-global-typography-text-font-size ); font-weight: var( --e-global-typography-text-font-weight );\">Nous nous r\u00e9jouissons de vous accueillir dans notre hameau idyllique.<\/span><\/p>\n<p><strong>Maison \u00abSous la vo\u00fbte\u00bb<br \/><\/strong><strong style=\"color: var( --e-global-color-text ); font-family: var( --e-global-typography-text-font-family ); font-size: var( --e-global-typography-text-font-size );\">Bas du Village 22<br \/><\/strong><strong style=\"color: var( --e-global-color-text ); font-family: var( --e-global-typography-text-font-family ); font-size: var( --e-global-typography-text-font-size );\">2345 La Chaux-des-Breuleux<br \/><\/strong><strong style=\"color: var( --e-global-color-text ); font-family: var( --e-global-typography-text-font-family ); font-size: var( --e-global-typography-text-font-size );\">Schweiz<\/strong><\/p>\n<p>Vous pouvez d\u00e9j\u00e0 appr\u00e9cier la beaut\u00e9 du paysage suisse en venant ici. Depuis la <strong>ville de Berne<\/strong>, il vous faut environ <strong>90 minutes en voiture<\/strong>, alors que depuis <strong>Zurich<\/strong> le trajet dure environ <strong>2 heures<\/strong>. Si vous voyagez en <strong>train<\/strong>, le trajet <strong>de Berne ou de Zurich<\/strong> \u00e0 la gare la plus proche, La Chaux-des-Breuleux (attention arr\u00eat sur demande!), dure environ <strong>2 \u00e0 3 heures<\/strong>.<\/p>\n<p>Si vous avez des questions, n&rsquo;h\u00e9sitez pas \u00e0 nous <a href=\"mailto:info@sous-la-voute.ch\">contacter<\/a>, nous sommes \u00e0 votre disposition.<\/p>\n<p>Nous nous sommes ravis de vous accueillir \u00e0 la Maison \u00abSous la vo\u00fbte \u00bb ici \u00e0 La Chaux-des-Breuleux, dans les Franches-Montagnes, le Jura.<\/p>\n\t\t\t\t\t\t\t\t<\/div>\n\t\t\t\t<\/div>\n\t\t\t\t<div class=\"elementor-element elementor-element-394294e elementor-widget elementor-widget-google_maps\" data-id=\"394294e\" data-element_type=\"widget\" data-e-type=\"widget\" data-widget_type=\"google_maps.default\">\n\t\t\t\t<div class=\"elementor-widget-container\">\n\t\t\t\t\t\t\t<div class=\"elementor-custom-embed\">\n\t\t\t<iframe loading=\"lazy\"\n\t\t\t\t\tsrc=\"https:\/\/maps.google.com\/maps?q=Bas%20du%20Village%2022%2C%202345%20La%20Chaux%20des%20Breuleux&#038;t=m&#038;z=8&#038;output=embed&#038;iwloc=near\"\n\t\t\t\t\ttitle=\"Bas du Village 22, 2345 La Chaux des Breuleux\"\n\t\t\t\t\taria-label=\"Bas du Village 22, 2345 La Chaux des Breuleux\"\n\t\t\t><\/iframe>\n\t\t<\/div>\n\t\t\t\t\t\t<\/div>\n\t\t\t\t<\/div>\n\t\t\t\t<\/div>\n\t\t\t\t\t<\/div>\n\t\t\t\t<\/div>\n\t\t\t\t<\/div>\n\t\t","protected":false},"excerpt":{"rendered":"<p>Arriv\u00e9e Nous nous r\u00e9jouissons de vous accueillir dans notre hameau idyllique. Maison \u00abSous la vo\u00fbte\u00bbBas du Village 222345 La Chaux-des-BreuleuxSchweiz Vous pouvez d\u00e9j\u00e0 appr\u00e9cier la beaut\u00e9 du paysage suisse en venant ici. Depuis la ville de Berne, il vous faut environ 90 minutes en voiture, alors que depuis Zurich le trajet dure environ 2 heures. [&hellip;]<\/p>\n","protected":false},"author":1,"featured_media":0,"parent":0,"menu_order":0,"comment_status":"closed","ping_status":"closed","template":"","meta":{"footnotes":""},"class_list":["post-2310","page","type-page","status-publish","hentry"],"yoast_head":"<!-- This site is optimized with the Yoast SEO plugin v27.4 - https:\/\/yoast.com\/product\/yoast-seo-wordpress\/ -->\n<title>Arriv\u00e9e - Maison \u00abSous la vo\u00fbte\u00bb<\/title>\n<meta name=\"robots\" content=\"noindex, follow, max-snippet:-1, max-image-preview:large, max-video-preview:-1\" \/>\n<meta property=\"og:locale\" content=\"fr_FR\" \/>\n<meta property=\"og:type\" content=\"article\" \/>\n<meta property=\"og:title\" content=\"Arriv\u00e9e - Maison \u00abSous la vo\u00fbte\u00bb\" \/>\n<meta property=\"og:description\" content=\"Arriv\u00e9e Nous nous r\u00e9jouissons de vous accueillir dans notre hameau idyllique. Maison \u00abSous la vo\u00fbte\u00bbBas du Village 222345 La Chaux-des-BreuleuxSchweiz Vous pouvez d\u00e9j\u00e0 appr\u00e9cier la beaut\u00e9 du paysage suisse en venant ici. Depuis la ville de Berne, il vous faut environ 90 minutes en voiture, alors que depuis Zurich le trajet dure environ 2 heures. [&hellip;]\" \/>\n<meta property=\"og:url\" content=\"https:\/\/sous-la-voute.ch\/fr\/voyage\/\" \/>\n<meta property=\"og:site_name\" content=\"Maison \u00abSous la vo\u00fbte\u00bb\" \/>\n<meta property=\"article:modified_time\" content=\"2024-09-04T13:48:51+00:00\" \/>\n<meta name=\"twitter:card\" content=\"summary_large_image\" \/>\n<meta name=\"twitter:label1\" content=\"Dur\u00e9e de lecture estim\u00e9e\" \/>\n\t<meta name=\"twitter:data1\" content=\"1 minute\" \/>\n<script type=\"application\/ld+json\" class=\"yoast-schema-graph\">{\"@context\":\"https:\\\/\\\/schema.org\",\"@graph\":[{\"@type\":\"WebPage\",\"@id\":\"https:\\\/\\\/sous-la-voute.ch\\\/fr\\\/voyage\\\/\",\"url\":\"https:\\\/\\\/sous-la-voute.ch\\\/fr\\\/voyage\\\/\",\"name\":\"Arriv\u00e9e - Maison \u00abSous la vo\u00fbte\u00bb\",\"isPartOf\":{\"@id\":\"https:\\\/\\\/sous-la-voute.ch\\\/fr\\\/#website\"},\"datePublished\":\"2024-03-15T07:23:51+00:00\",\"dateModified\":\"2024-09-04T13:48:51+00:00\",\"breadcrumb\":{\"@id\":\"https:\\\/\\\/sous-la-voute.ch\\\/fr\\\/voyage\\\/#breadcrumb\"},\"inLanguage\":\"fr-FR\",\"potentialAction\":[{\"@type\":\"ReadAction\",\"target\":[\"https:\\\/\\\/sous-la-voute.ch\\\/fr\\\/voyage\\\/\"]}]},{\"@type\":\"BreadcrumbList\",\"@id\":\"https:\\\/\\\/sous-la-voute.ch\\\/fr\\\/voyage\\\/#breadcrumb\",\"itemListElement\":[{\"@type\":\"ListItem\",\"position\":1,\"name\":\"Home\",\"item\":\"https:\\\/\\\/sous-la-voute.ch\\\/fr\\\/\"},{\"@type\":\"ListItem\",\"position\":2,\"name\":\"Arriv\u00e9e\"}]},{\"@type\":\"WebSite\",\"@id\":\"https:\\\/\\\/sous-la-voute.ch\\\/fr\\\/#website\",\"url\":\"https:\\\/\\\/sous-la-voute.ch\\\/fr\\\/\",\"name\":\"Maison \u00abSous la vo\u00fbte\u00bb\",\"description\":\"by Deine Website GmbH\",\"publisher\":{\"@id\":\"https:\\\/\\\/sous-la-voute.ch\\\/fr\\\/#organization\"},\"potentialAction\":[{\"@type\":\"SearchAction\",\"target\":{\"@type\":\"EntryPoint\",\"urlTemplate\":\"https:\\\/\\\/sous-la-voute.ch\\\/fr\\\/?s={search_term_string}\"},\"query-input\":{\"@type\":\"PropertyValueSpecification\",\"valueRequired\":true,\"valueName\":\"search_term_string\"}}],\"inLanguage\":\"fr-FR\"},{\"@type\":\"Organization\",\"@id\":\"https:\\\/\\\/sous-la-voute.ch\\\/fr\\\/#organization\",\"name\":\"Maison \u00abSous la vo\u00fbte\u00bb\",\"url\":\"https:\\\/\\\/sous-la-voute.ch\\\/fr\\\/\",\"logo\":{\"@type\":\"ImageObject\",\"inLanguage\":\"fr-FR\",\"@id\":\"https:\\\/\\\/sous-la-voute.ch\\\/fr\\\/#\\\/schema\\\/logo\\\/image\\\/\",\"url\":\"https:\\\/\\\/sous-la-voute.ch\\\/wp-content\\\/uploads\\\/2022\\\/02\\\/Logo_Framewrk.svg\",\"contentUrl\":\"https:\\\/\\\/sous-la-voute.ch\\\/wp-content\\\/uploads\\\/2022\\\/02\\\/Logo_Framewrk.svg\",\"width\":467,\"height\":98,\"caption\":\"Maison \u00abSous la vo\u00fbte\u00bb\"},\"image\":{\"@id\":\"https:\\\/\\\/sous-la-voute.ch\\\/fr\\\/#\\\/schema\\\/logo\\\/image\\\/\"}}]}<\/script>\n<!-- \/ Yoast SEO plugin. -->","yoast_head_json":{"title":"Arriv\u00e9e - Maison \u00abSous la vo\u00fbte\u00bb","robots":{"index":"noindex","follow":"follow","max-snippet":"max-snippet:-1","max-image-preview":"max-image-preview:large","max-video-preview":"max-video-preview:-1"},"og_locale":"fr_FR","og_type":"article","og_title":"Arriv\u00e9e - Maison \u00abSous la vo\u00fbte\u00bb","og_description":"Arriv\u00e9e Nous nous r\u00e9jouissons de vous accueillir dans notre hameau idyllique. Maison \u00abSous la vo\u00fbte\u00bbBas du Village 222345 La Chaux-des-BreuleuxSchweiz Vous pouvez d\u00e9j\u00e0 appr\u00e9cier la beaut\u00e9 du paysage suisse en venant ici. Depuis la ville de Berne, il vous faut environ 90 minutes en voiture, alors que depuis Zurich le trajet dure environ 2 heures. [&hellip;]","og_url":"https:\/\/sous-la-voute.ch\/fr\/voyage\/","og_site_name":"Maison \u00abSous la vo\u00fbte\u00bb","article_modified_time":"2024-09-04T13:48:51+00:00","twitter_card":"summary_large_image","twitter_misc":{"Dur\u00e9e de lecture estim\u00e9e":"1 minute"},"schema":{"@context":"https:\/\/schema.org","@graph":[{"@type":"WebPage","@id":"https:\/\/sous-la-voute.ch\/fr\/voyage\/","url":"https:\/\/sous-la-voute.ch\/fr\/voyage\/","name":"Arriv\u00e9e - Maison \u00abSous la vo\u00fbte\u00bb","isPartOf":{"@id":"https:\/\/sous-la-voute.ch\/fr\/#website"},"datePublished":"2024-03-15T07:23:51+00:00","dateModified":"2024-09-04T13:48:51+00:00","breadcrumb":{"@id":"https:\/\/sous-la-voute.ch\/fr\/voyage\/#breadcrumb"},"inLanguage":"fr-FR","potentialAction":[{"@type":"ReadAction","target":["https:\/\/sous-la-voute.ch\/fr\/voyage\/"]}]},{"@type":"BreadcrumbList","@id":"https:\/\/sous-la-voute.ch\/fr\/voyage\/#breadcrumb","itemListElement":[{"@type":"ListItem","position":1,"name":"Home","item":"https:\/\/sous-la-voute.ch\/fr\/"},{"@type":"ListItem","position":2,"name":"Arriv\u00e9e"}]},{"@type":"WebSite","@id":"https:\/\/sous-la-voute.ch\/fr\/#website","url":"https:\/\/sous-la-voute.ch\/fr\/","name":"Maison \u00abSous la vo\u00fbte\u00bb","description":"by Deine Website GmbH","publisher":{"@id":"https:\/\/sous-la-voute.ch\/fr\/#organization"},"potentialAction":[{"@type":"SearchAction","target":{"@type":"EntryPoint","urlTemplate":"https:\/\/sous-la-voute.ch\/fr\/?s={search_term_string}"},"query-input":{"@type":"PropertyValueSpecification","valueRequired":true,"valueName":"search_term_string"}}],"inLanguage":"fr-FR"},{"@type":"Organization","@id":"https:\/\/sous-la-voute.ch\/fr\/#organization","name":"Maison \u00abSous la vo\u00fbte\u00bb","url":"https:\/\/sous-la-voute.ch\/fr\/","logo":{"@type":"ImageObject","inLanguage":"fr-FR","@id":"https:\/\/sous-la-voute.ch\/fr\/#\/schema\/logo\/image\/","url":"https:\/\/sous-la-voute.ch\/wp-content\/uploads\/2022\/02\/Logo_Framewrk.svg","contentUrl":"https:\/\/sous-la-voute.ch\/wp-content\/uploads\/2022\/02\/Logo_Framewrk.svg","width":467,"height":98,"caption":"Maison \u00abSous la vo\u00fbte\u00bb"},"image":{"@id":"https:\/\/sous-la-voute.ch\/fr\/#\/schema\/logo\/image\/"}}]}},"_links":{"self":[{"href":"https:\/\/sous-la-voute.ch\/fr\/wp-json\/wp\/v2\/pages\/2310","targetHints":{"allow":["GET"]}}],"collection":[{"href":"https:\/\/sous-la-voute.ch\/fr\/wp-json\/wp\/v2\/pages"}],"about":[{"href":"https:\/\/sous-la-voute.ch\/fr\/wp-json\/wp\/v2\/types\/page"}],"author":[{"embeddable":true,"href":"https:\/\/sous-la-voute.ch\/fr\/wp-json\/wp\/v2\/users\/1"}],"replies":[{"embeddable":true,"href":"https:\/\/sous-la-voute.ch\/fr\/wp-json\/wp\/v2\/comments?post=2310"}],"version-history":[{"count":14,"href":"https:\/\/sous-la-voute.ch\/fr\/wp-json\/wp\/v2\/pages\/2310\/revisions"}],"predecessor-version":[{"id":3306,"href":"https:\/\/sous-la-voute.ch\/fr\/wp-json\/wp\/v2\/pages\/2310\/revisions\/3306"}],"wp:attachment":[{"href":"https:\/\/sous-la-voute.ch\/fr\/wp-json\/wp\/v2\/media?parent=2310"}],"curies":[{"name":"wp","href":"https:\/\/api.w.org\/{rel}","templated":true}]}}